{"id":2775,"date":"2023-02-14T14:46:16","date_gmt":"2023-02-14T14:46:16","guid":{"rendered":"https:\/\/pedantic-sutherland.82-165-78-40.plesk.page\/?post_type=product&#038;p=2775"},"modified":"2023-02-26T19:01:45","modified_gmt":"2023-02-26T19:01:45","slug":"rot-braun-hundeleine-in-vielen-varianten-17mm-23","status":"publish","type":"product","link":"https:\/\/www.meenzdog.de\/index.php\/product\/rot-braun-hundeleine-in-vielen-varianten-17mm-23\/","title":{"rendered":"Rot\/Braun Hundeleine in vielen Varianten &#8211; 17mm [23]"},"content":{"rendered":"[vc_row type=&#8221;in_container&#8221; full_screen_row_position=&#8221;middle&#8221; column_margin=&#8221;default&#8221; column_direction=&#8221;default&#8221; column_direction_tablet=&#8221;default&#8221; column_direction_phone=&#8221;default&#8221; scene_position=&#8221;center&#8221; text_color=&#8221;dark&#8221; text_align=&#8221;left&#8221; row_border_radius=&#8221;none&#8221; row_border_radius_applies=&#8221;bg&#8221; overflow=&#8221;visible&#8221; overlay_strength=&#8221;0.3&#8243; gradient_direction=&#8221;left_to_right&#8221; shape_divider_position=&#8221;bottom&#8221; bg_image_animation=&#8221;none&#8221;] [vc_column column_padding=&#8221;no-extra-padding&#8221; column_padding_tablet=&#8221;inherit&#8221; column_padding_phone=&#8221;inherit&#8221; column_padding_position=&#8221;all&#8221; column_element_spacing=&#8221;default&#8221; background_color_opacity=&#8221;1&#8243; background_hover_color_opacity=&#8221;1&#8243; column_shadow=&#8221;none&#8221; column_border_radius=&#8221;none&#8221; column_link_target=&#8221;_self&#8221; column_position=&#8221;default&#8221; gradient_direction=&#8221;left_to_right&#8221; overlay_strength=&#8221;0.3&#8243; width=&#8221;1\/1&#8243; tablet_width_inherit=&#8221;default&#8221; tablet_text_alignment=&#8221; default&#8221; phone_text_alignment=&#8221;default&#8221; animation_type=&#8221;default&#8221; bg_image_animation=&#8221;none&#8221; border_type=&#8221;simple&#8221; column_border_width=&#8221;none&#8221; column_border_style=&#8221;solid&#8221;][nectar_global_section id=&#8221;1700&#8243;][\/vc_column][\/vc_row]\n","protected":false},"excerpt":{"rendered":"<p>Diese tolle 17 mm dicke Schwarz\/Braun-Kombination ist eine weitere Leine, bei der sich die Farben besonders gut erg\u00e4nzen. Das Braun gibt dem Rot die notwendige Tiefe. Wir lieben diese Kombination und sind sicher, dass Sie sie auch lieben werden. Sie ist in verschiedenen Ausf\u00fchrungen erh\u00e4ltlich. Bitte einfach in der Dropdown-Liste nachschauen.<\/p>\n<p>Wir haben alle verf\u00fcgbaren Kombinationen auf Lager. Sollte das von euch gew\u00fcnschte Produkt derzeit nicht verf\u00fcgbar sein, garantieren wir eine schnelle Produktion und Lieferung der gew\u00fcnschten Farb-\/L\u00e4ngen- und Typkombination. Bitte beachtet die <a href=\"#farbpalette\">Farbtabelle<\/a>, die unter jedem Produkt online angezeigt wird. Bitte denke daran, dass die Online-Farben nur als Referenz dienen. Die Farben k\u00f6nnen von denen auf dem Bildschirm abweichen.<\/p>\n<p>Wenn ihr etwas Besonderes m\u00f6chtet, dass ihr online nicht findet, dann ruft uns an oder schickt <a href=\"\/index.php\/kontakt\">uns hier eine <\/a>\u00a0Nachricht. Wir werden uns so schnell wie m\u00f6glich bei euch melden.<\/p>\n","protected":false},"featured_media":2141,"template":"","meta":[],"product_brand":[],"product_cat":[88,79,72,89],"product_tag":[],"class_list":{"0":"post-2775","1":"product","2":"type-product","3":"status-publish","4":"has-post-thumbnail","6":"product_cat-clear-all-filters","7":"product_cat-farbe-braun","8":"product_cat-rot-355","9":"product_cat-17mm-starke","11":"first","12":"instock","13":"taxable","14":"shipping-taxable","15":"purchasable","16":"product-type-variable"},"_links":{"self":[{"href":"https:\/\/www.meenzdog.de\/index.php\/wp-json\/wp\/v2\/product\/2775","targetHints":{"allow":["GET"]}}],"collection":[{"href":"https:\/\/www.meenzdog.de\/index.php\/wp-json\/wp\/v2\/product"}],"about":[{"href":"https:\/\/www.meenzdog.de\/index.php\/wp-json\/wp\/v2\/types\/product"}],"wp:featuredmedia":[{"embeddable":true,"href":"https:\/\/www.meenzdog.de\/index.php\/wp-json\/wp\/v2\/media\/2141"}],"wp:attachment":[{"href":"https:\/\/www.meenzdog.de\/index.php\/wp-json\/wp\/v2\/media?parent=2775"}],"wp:term":[{"taxonomy":"product_brand","embeddable":true,"href":"https:\/\/www.meenzdog.de\/index.php\/wp-json\/wp\/v2\/product_brand?post=2775"},{"taxonomy":"product_cat","embeddable":true,"href":"https:\/\/www.meenzdog.de\/index.php\/wp-json\/wp\/v2\/product_cat?post=2775"},{"taxonomy":"product_tag","embeddable":true,"href":"https:\/\/www.meenzdog.de\/index.php\/wp-json\/wp\/v2\/product_tag?post=2775"}],"curies":[{"name":"wp","href":"https:\/\/api.w.org\/{rel}","templated":true}]}}