{"id":2933,"date":"2023-02-21T13:30:33","date_gmt":"2023-02-21T13:30:33","guid":{"rendered":"https:\/\/www.meenzdog.de\/?page_id=2933"},"modified":"2023-10-12T10:32:41","modified_gmt":"2023-10-12T10:32:41","slug":"faq","status":"publish","type":"page","link":"https:\/\/www.meenzdog.de\/index.php\/faq\/","title":{"rendered":"FAQ"},"content":{"rendered":"[vc_row type=&#8221;in_container&#8221; full_screen_row_position=&#8221;middle&#8221; column_margin=&#8221;default&#8221; column_direction=&#8221;default&#8221; column_direction_tablet=&#8221;default&#8221; column_direction_phone=&#8221;default&#8221; scene_position=&#8221;center&#8221; text_color=&#8221;dark&#8221; text_align=&#8221;left&#8221; row_border_radius=&#8221;none&#8221; row_border_radius_applies=&#8221;bg&#8221; overflow=&#8221;visible&#8221; overlay_strength=&#8221;0.3&#8243; gradient_direction=&#8221;left_to_right&#8221; shape_divider_position=&#8221;bottom&#8221; bg_image_animation=&#8221;none&#8221;][vc_column column_padding=&#8221;no-extra-padding&#8221; column_padding_tablet=&#8221;inherit&#8221; column_padding_phone=&#8221;inherit&#8221; column_padding_position=&#8221;all&#8221; column_element_direction_desktop=&#8221;default&#8221; column_element_spacing=&#8221;default&#8221; desktop_text_alignment=&#8221;default&#8221; tablet_text_alignment=&#8221;default&#8221; phone_text_alignment=&#8221;default&#8221; background_color_opacity=&#8221;1&#8243; background_hover_color_opacity=&#8221;1&#8243; column_backdrop_filter=&#8221;none&#8221; column_shadow=&#8221;none&#8221; column_border_radius=&#8221;none&#8221; column_link_target=&#8221;_self&#8221; column_position=&#8221;default&#8221; gradient_direction=&#8221;left_to_right&#8221; overlay_strength=&#8221;0.3&#8243; width=&#8221;1\/1&#8243; tablet_width_inherit=&#8221;default&#8221; animation_type=&#8221;default&#8221; bg_image_animation=&#8221;none&#8221; border_type=&#8221;simple&#8221; column_border_width=&#8221;none&#8221; column_border_style=&#8221;solid&#8221;][vc_column_text]\n<h1>FAQ<\/h1>\n[\/vc_column_text][divider line_type=&#8221;No Line&#8221;][vc_column_text]\n<h3>\ud83d\udc3e Sind die Hundeleinen waschbar?<\/h3>\n<p>Unsere Hundeleinen k\u00f6nnen in einer Waschmaschine (vorzugsweise in einem W\u00e4schesack) mit einer Wassertemperatur von 30 Grad Celsius gewaschen werden. Diese Temperatur gilt als milde oder k\u00fchle W\u00e4sche und sollte der Leine keinen Schaden zuf\u00fcgen. Das Waschen der Leine kann dazu beitragen, Schmutz, Bakterien und andere Substanzen zu entfernen, die sich im Laufe der Zeit auf der Leine angesammelt haben, so dass sie f\u00fcr unseren Hund sauber und hygienisch bleibt. Es ist wichtig, dass Sie die Anweisungen des Herstellers und alle spezifischen Pflegehinweise f\u00fcr Ihre Leine befolgen.[\/vc_column_text][divider line_type=&#8221;No Line&#8221;][vc_column_text]\n<h3>\ud83d\udc3e Was ist, wenn ich eine Farbkombination w\u00fcnsche, die nicht auf der Website zu finden ist?<\/h3>\n<p>Wir haben die M\u00f6glichkeit, Hundeleinen in verschiedenen Farben nach den Vorlieben oder W\u00fcnschen unserer Kunden herzustellen. Wir haben eine gute Auswahl an Farben, aus denen wir w\u00e4hlen k\u00f6nnen. Wenn ein Kunde eine Leine in einer bestimmten Farbe w\u00fcnscht, die derzeit nicht verf\u00fcgbar ist, k\u00f6nnen wir eine naheliegende Alternative finden. Auf diese Weise kann das Produkt noch besser an die Bed\u00fcrfnisse und den Stil des jeweiligen Hundes und seines Besitzers angepasst und personalisiert werden. Es ist wichtig zu beachten, dass es je nach den Materialien und Verfahren, die bei der Herstellung der Leinen verwendet werden, Einschr\u00e4nkungen bei den spezifischen Farben geben kann, die wir herstellen k\u00f6nnen. Kunden sollten sich mit uns in Verbindung setzen, um sich \u00fcber Farboptionen und damit verbundene Kosten oder Vorlaufzeiten f\u00fcr individuelle Bestellungen zu erkundigen.[\/vc_column_text][divider line_type=&#8221;No Line&#8221;][vc_column_text]\n<h3>\ud83d\udc3e Wie messe ich die Halsbandgr\u00f6\u00dfe meines Hundes richtig?<\/h3>\n<p>Um die Gr\u00f6\u00dfe eines Hundehalsbandes richtig zu messen, ben\u00f6tigen Sie ein flexibles Ma\u00dfband oder ein St\u00fcck Schnur, das Sie sp\u00e4ter abmessen k\u00f6nnen. Gehen Sie folgenderma\u00dfen vor:<\/p>\n<p>Nehmen Sie das Ma\u00dfband oder die Schnur und wickeln Sie es um den Hals Ihres Hundes, wo das Halsband normalerweise sitzen w\u00fcrde. Achten Sie darauf, dass das Band oder die Schnur eng anliegt, aber nicht zu fest. Sie sollten zwei Finger zwischen das Band oder die Schnur und den Hals Ihres Hundes stecken k\u00f6nnen.<\/p>\n<p>Markieren Sie die Stelle auf dem Band oder der Schnur, an der es sich \u00fcberlappt, so dass ein vollst\u00e4ndiger Kreis um den Hals Ihres Hundes entsteht.<\/p>\n<p>Entfernen Sie das Band oder die Schnur vom Hals Ihres Hundes und messen Sie die L\u00e4nge bis zu dem markierten Punkt. Dieses Ma\u00df ist der Halsumfang Ihres Hundes.<\/p>\n<p>Addieren Sie 5 cm zum Halsumfang Ihres Hundes, um die richtige Halsbandgr\u00f6\u00dfe zu ermitteln. So stellen Sie sicher, dass das Halsband nicht zu eng sitzt und der Hals Ihres Hundes bequem bewegt werden kann.<\/p>\n<p>Wenn der Halsumfang Ihres Hundes zum Beispiel 30 cm betr\u00e4gt, addieren Sie zwei Zoll hinzu, um 35 cm zu erhalten. Daher w\u00e4re eine Halsbandgr\u00f6\u00dfe von 35 cm f\u00fcr Ihren Hund angemessen.<\/p>\n<p>Es ist wichtig zu beachten, dass verschiedene Rassen und einzelne Hunde je nach Halsumfang und -form unterschiedliche Halsbandgr\u00f6\u00dfen ben\u00f6tigen k\u00f6nnen. Wenn Sie Bedenken oder Fragen zum Messen der Halsbandgr\u00f6\u00dfe Ihres Hundes haben, rufen Sie uns an, wir helfen Ihnen gerne weiter.[\/vc_column_text][divider line_type=&#8221;No Line&#8221;][vc_column_text]\n<h3>\ud83d\udc3e Wie viel Gewicht oder Zugkraft k\u00f6nnen die Leitungen aushalten?<\/h3>\n<p>Die von uns angebotenen Hundeleinen sind so konzipiert und getestet, dass sie einem maximalen Gewicht oder Zug von bis zu 300 Kilogramm standhalten, ohne zu brechen oder zu rei\u00dfen. Dies bedeutet, dass die Leinen stark und haltbar sind und f\u00fcr Hunde unterschiedlicher Gr\u00f6\u00dfe und Rasse verwendet werden k\u00f6nnen.<\/p>\n<p>Das Gewicht bzw. die Zugkraft einer Hundeleine ist ein wichtiger Faktor, da sie sich auf die Sicherheit und den Komfort sowohl des Hundes als auch seines Besitzers auswirken kann. Eine zu schwache oder fadenscheinige Leine kann unter dem Gewicht eines kr\u00e4ftigen oder energiegeladenen Hundes brechen oder rei\u00dfen, was zu Verletzungen f\u00fchren kann oder dem Hund die M\u00f6glichkeit gibt, wegzulaufen.<\/p>\n<p>Mit Leinen, die bis zu 300 kg Zugkraft oder Gewicht aushalten, bieten wir Hundebesitzern die Gewissheit, dass ihre Leine zuverl\u00e4ssig und sicher ist, selbst bei aktiven Spazierg\u00e4ngen oder Ausritten. Es ist jedoch wichtig zu beachten, dass das Gewicht bzw. die Zugkraft einer Leine immer auf die Gr\u00f6\u00dfe und St\u00e4rke des jeweiligen Hundes abgestimmt sein sollte, und dass die richtige Handhabung der Leine stets die Sicherheit von Hund und Halter gew\u00e4hrleisten sollte.[\/vc_column_text][divider line_type=&#8221;No Line&#8221;][\/vc_column][\/vc_row][vc_row type=&#8221;in_container&#8221; full_screen_row_position=&#8221;middle&#8221; column_margin=&#8221;default&#8221; column_direction=&#8221;default&#8221; column_direction_tablet=&#8221;default&#8221; column_direction_phone=&#8221;default&#8221; scene_position=&#8221;center&#8221; text_color=&#8221;dark&#8221; text_align=&#8221;left&#8221; row_border_radius=&#8221;none&#8221; row_border_radius_applies=&#8221;bg&#8221; overflow=&#8221;visible&#8221; overlay_strength=&#8221;0.3&#8243; gradient_direction=&#8221;left_to_right&#8221; shape_divider_position=&#8221;bottom&#8221; bg_image_animation=&#8221;none&#8221;][vc_column column_padding=&#8221;no-extra-padding&#8221; column_padding_tablet=&#8221;inherit&#8221; column_padding_phone=&#8221;inherit&#8221; column_padding_position=&#8221;all&#8221; column_element_direction_desktop=&#8221;default&#8221; column_element_spacing=&#8221;default&#8221; desktop_text_alignment=&#8221;default&#8221; tablet_text_alignment=&#8221;default&#8221; phone_text_alignment=&#8221;default&#8221; background_color_opacity=&#8221;1&#8243; background_hover_color_opacity=&#8221;1&#8243; column_backdrop_filter=&#8221;none&#8221; column_shadow=&#8221;none&#8221; column_border_radius=&#8221;none&#8221; column_link_target=&#8221;_self&#8221; column_position=&#8221;default&#8221; gradient_direction=&#8221;left_to_right&#8221; overlay_strength=&#8221;0.3&#8243; width=&#8221;1\/1&#8243; tablet_width_inherit=&#8221;default&#8221; animation_type=&#8221;default&#8221; bg_image_animation=&#8221;none&#8221; border_type=&#8221;simple&#8221; column_border_width=&#8221;none&#8221; column_border_style=&#8221;solid&#8221;][vc_column_text][\/vc_column_text][\/vc_column][\/vc_row]\n","protected":false},"excerpt":{"rendered":"<p>[vc_row type=&#8221;in_container&#8221; full_screen_row_position=&#8221;middle&#8221; column_margin=&#8221;default&#8221; column_direction=&#8221;default&#8221; column_direction_tablet=&#8221;default&#8221; column_direction_phone=&#8221;default&#8221; scene_position=&#8221;center&#8221; text_color=&#8221;dark&#8221; text_align=&#8221;left&#8221; row_border_radius=&#8221;none&#8221; row_border_radius_applies=&#8221;bg&#8221; overflow=&#8221;visible&#8221; overlay_strength=&#8221;0.3&#8243; gradient_direction=&#8221;left_to_right&#8221; shape_divider_position=&#8221;bottom&#8221; bg_image_animation=&#8221;none&#8221;][vc_column column_padding=&#8221;no-extra-padding&#8221; column_padding_tablet=&#8221;inherit&#8221; column_padding_phone=&#8221;inherit&#8221; column_padding_position=&#8221;all&#8221; column_element_direction_desktop=&#8221;default&#8221; column_element_spacing=&#8221;default&#8221; desktop_text_alignment=&#8221;default&#8221; tablet_text_alignment=&#8221;default&#8221; phone_text_alignment=&#8221;default&#8221; background_color_opacity=&#8221;1&#8243; background_hover_color_opacity=&#8221;1&#8243; column_backdrop_filter=&#8221;none&#8221; column_shadow=&#8221;none&#8221;&#8230;<\/p>\n","protected":false},"author":1,"featured_media":0,"parent":0,"menu_order":0,"comment_status":"closed","ping_status":"closed","template":"","meta":{"footnotes":""},"class_list":["post-2933","page","type-page","status-publish"],"_links":{"self":[{"href":"https:\/\/www.meenzdog.de\/index.php\/wp-json\/wp\/v2\/pages\/2933","targetHints":{"allow":["GET"]}}],"collection":[{"href":"https:\/\/www.meenzdog.de\/index.php\/wp-json\/wp\/v2\/pages"}],"about":[{"href":"https:\/\/www.meenzdog.de\/index.php\/wp-json\/wp\/v2\/types\/page"}],"author":[{"embeddable":true,"href":"https:\/\/www.meenzdog.de\/index.php\/wp-json\/wp\/v2\/users\/1"}],"replies":[{"embeddable":true,"href":"https:\/\/www.meenzdog.de\/index.php\/wp-json\/wp\/v2\/comments?post=2933"}],"version-history":[{"count":12,"href":"https:\/\/www.meenzdog.de\/index.php\/wp-json\/wp\/v2\/pages\/2933\/revisions"}],"predecessor-version":[{"id":3025,"href":"https:\/\/www.meenzdog.de\/index.php\/wp-json\/wp\/v2\/pages\/2933\/revisions\/3025"}],"wp:attachment":[{"href":"https:\/\/www.meenzdog.de\/index.php\/wp-json\/wp\/v2\/media?parent=2933"}],"curies":[{"name":"wp","href":"https:\/\/api.w.org\/{rel}","templated":true}]}}