{"id":1671,"date":"2023-01-28T13:10:15","date_gmt":"2023-01-28T13:10:15","guid":{"rendered":"https:\/\/pedantic-sutherland.82-165-78-40.plesk.page\/index.php\/shipping-methods\/"},"modified":"2023-02-05T14:59:14","modified_gmt":"2023-02-05T14:59:14","slug":"versandkosten","status":"publish","type":"page","link":"https:\/\/www.meenzdog.de\/index.php\/versandkosten\/","title":{"rendered":"Versandkosten"},"content":{"rendered":"[vc_row type=&#8221;in_container&#8221; full_screen_row_position=&#8221;middle&#8221; column_margin=&#8221;default&#8221; column_direction=&#8221;default&#8221; column_direction_tablet=&#8221;default&#8221; column_direction_phone=&#8221;default&#8221; scene_position=&#8221;center&#8221; text_color=&#8221;dark&#8221; text_align=&#8221;left&#8221; row_border_radius=&#8221;none&#8221; row_border_radius_applies=&#8221;bg&#8221; overflow=&#8221;visible&#8221; overlay_strength=&#8221;0.3&#8243; gradient_direction=&#8221;left_to_right&#8221; shape_divider_position=&#8221;bottom&#8221; bg_image_animation=&#8221;none&#8221;][vc_column column_padding=&#8221;no-extra-padding&#8221; column_padding_tablet=&#8221;inherit&#8221; column_padding_phone=&#8221;inherit&#8221; column_padding_position=&#8221;all&#8221; column_element_spacing=&#8221;default&#8221; background_color_opacity=&#8221;1&#8243; background_hover_color_opacity=&#8221;1&#8243; column_shadow=&#8221;none&#8221; column_border_radius=&#8221;none&#8221; column_link_target=&#8221;_self&#8221; column_position=&#8221;default&#8221; gradient_direction=&#8221;left_to_right&#8221; overlay_strength=&#8221;0.3&#8243; width=&#8221;1\/1&#8243; tablet_width_inherit=&#8221;default&#8221; tablet_text_alignment=&#8221;default&#8221; phone_text_alignment=&#8221;default&#8221; animation_type=&#8221;default&#8221; bg_image_animation=&#8221;none&#8221; border_type=&#8221;simple&#8221; column_border_width=&#8221;none&#8221; column_border_style=&#8221;solid&#8221;][split_line_heading animation_type=&#8221;line-reveal-by-space&#8221; font_style=&#8221;h3&#8243; text_color=&#8221;#ff7530&#8243; line_reveal_by_space_text_effect=&#8221;default&#8221; content_alignment=&#8221;default&#8221; mobile_content_alignment=&#8221;inherit&#8221; link_target=&#8221;_self&#8221; text_content=&#8221;Versandkosten&#8221;][\/split_line_heading][vc_column_text]Wir liefern unsere Produkte haupts\u00e4chlich mit DHL, da wir Premium-Partner von DHL sind. Sollte dieser Service an Ihrer Lieferadresse nicht verf\u00fcgbar sein, oder gibt es eine bessere Option f\u00fcr den Kunden, werden wir unser M\u00f6glichstes tun, um Ihnen entgegenzukommen.<\/p>\n<p>Sobald Ihr Produkt geliefert wurde, Sie k\u00f6nnen das DHL-Paket <a href=\"https:\/\/www.dhl.de\/de\/privatkunden.html\" target=\"_blank\" rel=\"noopener\">hier<\/a> verfolgen.[\/vc_column_text][vc_row_inner column_margin=&#8221;default&#8221; column_direction=&#8221;default&#8221; column_direction_tablet=&#8221;default&#8221; column_direction_phone=&#8221;default&#8221; text_align=&#8221;left&#8221; row_position=&#8221;default&#8221; row_position_tablet=&#8221;inherit&#8221; row_position_phone=&#8221;inherit&#8221; overflow=&#8221;visible&#8221; pointer_events=&#8221;all&#8221;][vc_column_inner column_padding=&#8221;no-extra-padding&#8221; column_padding_tablet=&#8221;inherit&#8221; column_padding_phone=&#8221;inherit&#8221; column_padding_position=&#8221;all&#8221; column_element_spacing=&#8221;default&#8221; background_color_opacity=&#8221;1&#8243; background_hover_color_opacity=&#8221;1&#8243; column_shadow=&#8221;none&#8221; column_border_radius=&#8221;none&#8221; column_link_target=&#8221;_self&#8221; gradient_direction=&#8221;left_to_right&#8221; overlay_strength=&#8221;0.3&#8243; width=&#8221;1\/4&#8243; tablet_width_inherit=&#8221;default&#8221; animation_type=&#8221;default&#8221; bg_image_animation=&#8221;none&#8221; border_type=&#8221;simple&#8221; column_border_width=&#8221;none&#8221; column_border_style=&#8221;solid&#8221;][image_with_animation image_url=&#8221;2036&#8243; image_size=&#8221;full&#8221; animation_type=&#8221;entrance&#8221; animation=&#8221;Fade In&#8221; hover_animation=&#8221;none&#8221; alignment=&#8221;&#8221; border_radius=&#8221;none&#8221; box_shadow=&#8221;none&#8221; image_loading=&#8221;default&#8221; max_width=&#8221;100%&#8221; max_width_mobile=&#8221;default&#8221;][\/vc_column_inner][vc_column_inner column_padding=&#8221;no-extra-padding&#8221; column_padding_tablet=&#8221;inherit&#8221; column_padding_phone=&#8221;inherit&#8221; column_padding_position=&#8221;all&#8221; column_element_spacing=&#8221;default&#8221; background_color_opacity=&#8221;1&#8243; background_hover_color_opacity=&#8221;1&#8243; column_shadow=&#8221;none&#8221; column_border_radius=&#8221;none&#8221; column_link_target=&#8221;_self&#8221; gradient_direction=&#8221;left_to_right&#8221; overlay_strength=&#8221;0.3&#8243; width=&#8221;3\/4&#8243; tablet_width_inherit=&#8221;default&#8221; animation_type=&#8221;default&#8221; bg_image_animation=&#8221;none&#8221; border_type=&#8221;simple&#8221; column_border_width=&#8221;none&#8221; column_border_style=&#8221;solid&#8221;][vc_column_text]\n<ul>\n<li>Alle Pakete, die innerhalb Deutschlands verschickt werden, werden zu einem Preis von <strong>\u20ac 6,99<\/strong> verschickt.<\/li>\n<li>Alle Pakete, die innerhalb Zone (1) versendet werden, werden zu einem Preis von <strong>\u20ac 9,99<\/strong>\u00a0 verschickt.<\/li>\n<li>Alle Pakete, die innerhalb Zone (2) versendet werden, werden zu einem Preis von <strong>\u20ac 13,99<\/strong>\u00a0verschickt.<\/li>\n<\/ul>\n[\/vc_column_text][vc_column_text]\n<ul>\n<li>In Deutschland wird jede Bestellung \u00fcber <strong>\u20ac 65,00<\/strong> Porto- und Verpackungsfrei verschickt.<\/li>\n<li>F\u00fcr Zone (1), jede Bestellung \u00fcber <strong>\u20ac 75,00<\/strong> Porto- und Verpackungsfrei verschickt.<\/li>\n<li>F\u00fcr Zone (2), jede Bestellung \u00fcber <strong>\u20ac 75,00<\/strong> Porto- und Verpackungsfrei verschickt.<\/li>\n<\/ul>\n[\/vc_column_text][\/vc_column_inner][\/vc_row_inner][divider line_type=&#8221;No Line&#8221;][vc_row_inner column_margin=&#8221;default&#8221; column_direction=&#8221;default&#8221; column_direction_tablet=&#8221;default&#8221; column_direction_phone=&#8221;default&#8221; text_align=&#8221;left&#8221; row_position=&#8221;default&#8221; row_position_tablet=&#8221;inherit&#8221; row_position_phone=&#8221;inherit&#8221; overflow=&#8221;visible&#8221; pointer_events=&#8221;all&#8221;][vc_column_inner column_padding=&#8221;no-extra-padding&#8221; column_padding_tablet=&#8221;inherit&#8221; column_padding_phone=&#8221;inherit&#8221; column_padding_position=&#8221;all&#8221; column_element_spacing=&#8221;default&#8221; background_color_opacity=&#8221;1&#8243; background_hover_color_opacity=&#8221;1&#8243; column_shadow=&#8221;none&#8221; column_border_radius=&#8221;none&#8221; column_link_target=&#8221;_self&#8221; gradient_direction=&#8221;left_to_right&#8221; overlay_strength=&#8221;0.3&#8243; width=&#8221;1\/3&#8243; tablet_width_inherit=&#8221;default&#8221; animation_type=&#8221;default&#8221; bg_image_animation=&#8221;none&#8221; border_type=&#8221;simple&#8221; column_border_width=&#8221;none&#8221; column_border_style=&#8221;solid&#8221;][vc_column_text]\n<h3><strong>Deutschland<\/strong><\/h3>\n<p><strong>Deutschland und Deutsche Inseln<\/strong>[\/vc_column_text][\/vc_column_inner][vc_column_inner column_padding=&#8221;no-extra-padding&#8221; column_padding_tablet=&#8221;inherit&#8221; column_padding_phone=&#8221;inherit&#8221; column_padding_position=&#8221;all&#8221; column_element_spacing=&#8221;default&#8221; background_color_opacity=&#8221;1&#8243; background_hover_color_opacity=&#8221;1&#8243; column_shadow=&#8221;none&#8221; column_border_radius=&#8221;none&#8221; column_link_target=&#8221;_self&#8221; gradient_direction=&#8221;left_to_right&#8221; overlay_strength=&#8221;0.3&#8243; width=&#8221;1\/3&#8243; tablet_width_inherit=&#8221;default&#8221; animation_type=&#8221;default&#8221; bg_image_animation=&#8221;none&#8221; border_type=&#8221;simple&#8221; column_border_width=&#8221;none&#8221; column_border_style=&#8221;solid&#8221;][vc_column_text]\n<h3><strong>Zone (1)<\/strong><\/h3>\n<p><b>Innerhalb der EU<\/b><\/p>\n<table border=\"0\" cellspacing=\"0\" cellpadding=\"0\">\n<tbody>\n<tr class=\" \">\n<td class=\" \" valign=\"top\" width=\"398\">\n<ul>\n<li>Belgien<\/li>\n<li>Bulgarien<\/li>\n<li>D\u00e4nemark (au\u00dfer F\u00e4r\u00f6er, Gr\u00f6nland)<\/li>\n<li>Estland<\/li>\n<li>Finnland (au\u00dfer \u00c5landinseln)<\/li>\n<li>Frankreich (au\u00dfer \u00fcberseeische Gebiete und Departements)<\/li>\n<li>Griechenland (au\u00dfer Berg Athos)<\/li>\n<li>Irland<\/li>\n<li>Italien (au\u00dfer Livigno und Campione d&#8217;Italia)<\/li>\n<li>Kroatien<\/li>\n<li>Lettland<\/li>\n<li>Litauen<\/li>\n<li>Luxemburg<\/li>\n<\/ul>\n<\/td>\n<td class=\" last\" valign=\"top\" width=\"398\">\n<ul>\n<li>Malta<\/li>\n<li>Monaco<\/li>\n<li>Niederlande (au\u00dfer au\u00dfereurop\u00e4ische Gebiete)<\/li>\n<li>\u00d6sterreich<\/li>\n<li>Polen<\/li>\n<li>Portugal<\/li>\n<li>Rum\u00e4nien<\/li>\n<li>Schweden<\/li>\n<li>Slowakei<\/li>\n<li>Slowenien<\/li>\n<li>Spanien (au\u00dfer Kanarische Inseln, Ceuta und Melilla)<\/li>\n<li>Tschechische Republik<\/li>\n<li>Ungarn<\/li>\n<li>Zypern (au\u00dfer Nordteil)<\/li>\n<\/ul>\n<\/td>\n<\/tr>\n<\/tbody>\n<\/table>\n[\/vc_column_text][\/vc_column_inner][vc_column_inner column_padding=&#8221;no-extra-padding&#8221; column_padding_tablet=&#8221;inherit&#8221; column_padding_phone=&#8221;inherit&#8221; column_padding_position=&#8221;all&#8221; column_element_spacing=&#8221;default&#8221; background_color_opacity=&#8221;1&#8243; background_hover_color_opacity=&#8221;1&#8243; column_shadow=&#8221;none&#8221; column_border_radius=&#8221;none&#8221; column_link_target=&#8221;_self&#8221; gradient_direction=&#8221;left_to_right&#8221; overlay_strength=&#8221;0.3&#8243; width=&#8221;1\/3&#8243; tablet_width_inherit=&#8221;default&#8221; animation_type=&#8221;default&#8221; bg_image_animation=&#8221;none&#8221; border_type=&#8221;simple&#8221; column_border_width=&#8221;none&#8221; column_border_style=&#8221;solid&#8221;][vc_column_text]\n<h3><strong>Zone (2)<\/strong><\/h3>\n<p><strong>Schweiz &amp; GB<\/strong><\/p>\n<ul>\n<li>Gro\u00dfbritannien (au\u00dfer Kanalinseln)<\/li>\n<li>Schweiz<\/li>\n<\/ul>\n[\/vc_column_text][\/vc_column_inner][\/vc_row_inner][vc_row_inner column_margin=&#8221;default&#8221; column_direction=&#8221;default&#8221; column_direction_tablet=&#8221;default&#8221; column_direction_phone=&#8221;default&#8221; text_align=&#8221;left&#8221; row_position=&#8221;default&#8221; row_position_tablet=&#8221;inherit&#8221; row_position_phone=&#8221;inherit&#8221; overflow=&#8221;visible&#8221; pointer_events=&#8221;all&#8221;][vc_column_inner column_padding=&#8221;no-extra-padding&#8221; column_padding_tablet=&#8221;inherit&#8221; column_padding_phone=&#8221;inherit&#8221; column_padding_position=&#8221;all&#8221; column_element_spacing=&#8221;default&#8221; background_color_opacity=&#8221;1&#8243; background_hover_color_opacity=&#8221;1&#8243; column_shadow=&#8221;none&#8221; column_border_radius=&#8221;none&#8221; column_link_target=&#8221;_self&#8221; gradient_direction=&#8221;left_to_right&#8221; overlay_strength=&#8221;0.3&#8243; width=&#8221;1\/3&#8243; tablet_width_inherit=&#8221;default&#8221; animation_type=&#8221;default&#8221; bg_image_animation=&#8221;none&#8221; border_type=&#8221;simple&#8221; column_border_width=&#8221;none&#8221; column_border_style=&#8221;solid&#8221;][vc_column_text]\n<h3><strong>Zone (3)<\/strong><\/h3>\n<p><b>Restliches Europa<\/b><\/p>\n<ul>\n<li>\n<table border=\"0\" cellspacing=\"0\" cellpadding=\"0\">\n<tbody>\n<tr class=\" \">\n<td class=\" \" valign=\"top\" width=\"398\">\n<ul>\n<li>\u00c5landinseln (Finnland)<\/li>\n<li>Andorra<\/li>\n<li>Albanien<\/li>\n<li>Belarus<\/li>\n<li>Berg Athos (Griechenland)<\/li>\n<li>Bosnien-Herzegowina<\/li>\n<li>Campione d&#8217;Italia (Italien)<\/li>\n<li>Ceuta (Spanien)<\/li>\n<li>F\u00e4r\u00f6er-Inseln (D\u00e4nemark)<\/li>\n<li>Georgien<\/li>\n<li>Gibraltar (Gro\u00dfbritannien)<\/li>\n<li>Gr\u00f6nland (D\u00e4nemark)<\/li>\n<li>Island<\/li>\n<li>Kanalinseln (Gro\u00dfbritannien)<\/li>\n<li>Kanarische Inseln (Spanien)<\/li>\n<\/ul>\n<\/td>\n<td class=\" last\" valign=\"top\" width=\"398\">\n<ul>\n<li>Kosovo<\/li>\n<li>Liechtenstein<\/li>\n<li>Livigno (Italien)<\/li>\n<li>Melilla (Spanien)<\/li>\n<li>Moldau<\/li>\n<li>Montenegro<\/li>\n<li>Nordmazedonien<\/li>\n<li>Norwegen<\/li>\n<li>San Marino<\/li>\n<li>Serbien<\/li>\n<li>T\u00fcrkei<\/li>\n<li>Ukraine<\/li>\n<li>Vatikanstadt<\/li>\n<li>Zypern (Nordteil)<\/li>\n<\/ul>\n<\/td>\n<\/tr>\n<\/tbody>\n<\/table>\n<\/li>\n<\/ul>\n[\/vc_column_text][\/vc_column_inner][vc_column_inner column_padding=&#8221;no-extra-padding&#8221; column_padding_tablet=&#8221;inherit&#8221; column_padding_phone=&#8221;inherit&#8221; column_padding_position=&#8221;all&#8221; column_element_spacing=&#8221;default&#8221; background_color_opacity=&#8221;1&#8243; background_hover_color_opacity=&#8221;1&#8243; column_shadow=&#8221;none&#8221; column_border_radius=&#8221;none&#8221; column_link_target=&#8221;_self&#8221; gradient_direction=&#8221;left_to_right&#8221; overlay_strength=&#8221;0.3&#8243; width=&#8221;1\/3&#8243; tablet_width_inherit=&#8221;default&#8221; animation_type=&#8221;default&#8221; bg_image_animation=&#8221;none&#8221; border_type=&#8221;simple&#8221; column_border_width=&#8221;none&#8221; column_border_style=&#8221;solid&#8221;][vc_column_text]\n<h3><strong>Zone (4)<\/strong><\/h3>\n<p><strong>Russische F\u00f6deration<\/strong><\/p>\n<ul>\n<li>Russische F\u00f6deration<\/li>\n<\/ul>\n[\/vc_column_text][\/vc_column_inner][vc_column_inner column_padding=&#8221;no-extra-padding&#8221; column_padding_tablet=&#8221;inherit&#8221; column_padding_phone=&#8221;inherit&#8221; column_padding_position=&#8221;all&#8221; column_element_spacing=&#8221;default&#8221; background_color_opacity=&#8221;1&#8243; background_hover_color_opacity=&#8221;1&#8243; column_shadow=&#8221;none&#8221; column_border_radius=&#8221;none&#8221; column_link_target=&#8221;_self&#8221; gradient_direction=&#8221;left_to_right&#8221; overlay_strength=&#8221;0.3&#8243; width=&#8221;1\/3&#8243; tablet_width_inherit=&#8221;default&#8221; animation_type=&#8221;default&#8221; bg_image_animation=&#8221;none&#8221; border_type=&#8221;simple&#8221; column_border_width=&#8221;none&#8221; column_border_style=&#8221;solid&#8221;][vc_column_text]\n<h3><strong>Zone (5)<\/strong><\/h3>\n<p><strong>USA<br \/>\n<\/strong><\/p>\n<ul>\n<li>Vereinigte Staaten von Amerika<\/li>\n<\/ul>\n[\/vc_column_text][\/vc_column_inner][\/vc_row_inner][vc_row_inner column_margin=&#8221;default&#8221; column_direction=&#8221;default&#8221; column_direction_tablet=&#8221;default&#8221; column_direction_phone=&#8221;default&#8221; text_align=&#8221;left&#8221; row_position=&#8221;default&#8221; row_position_tablet=&#8221;inherit&#8221; row_position_phone=&#8221;inherit&#8221; overflow=&#8221;visible&#8221; pointer_events=&#8221;all&#8221;][vc_column_inner column_padding=&#8221;no-extra-padding&#8221; column_padding_tablet=&#8221;inherit&#8221; column_padding_phone=&#8221;inherit&#8221; column_padding_position=&#8221;all&#8221; column_element_spacing=&#8221;default&#8221; background_color_opacity=&#8221;1&#8243; background_hover_color_opacity=&#8221;1&#8243; column_shadow=&#8221;none&#8221; column_border_radius=&#8221;none&#8221; column_link_target=&#8221;_self&#8221; gradient_direction=&#8221;left_to_right&#8221; overlay_strength=&#8221;0.3&#8243; width=&#8221;1\/3&#8243; tablet_width_inherit=&#8221;default&#8221; animation_type=&#8221;default&#8221; bg_image_animation=&#8221;none&#8221; border_type=&#8221;simple&#8221; column_border_width=&#8221;none&#8221; column_border_style=&#8221;solid&#8221;][vc_column_text]\n<h3><strong>Zone (6)<\/strong><\/h3>\n<p><b>Nordafrikanische Gebiete, Kanada, Naher Osten, Teile Asiens<\/b><\/p>\n<table border=\"0\" cellspacing=\"0\" cellpadding=\"0\">\n<tbody>\n<tr class=\" \">\n<td class=\" \" valign=\"top\" width=\"398\">\n<ul>\n<li>\u00c4gypten<\/li>\n<li>Algerien<\/li>\n<li>Armenien<\/li>\n<li>Aserbaidschan<\/li>\n<li>Israel<\/li>\n<li>Jordanien<\/li>\n<li>Jungferninseln (US)<\/li>\n<li>Kanada<\/li>\n<\/ul>\n<\/td>\n<td class=\" last\" valign=\"top\" width=\"398\">\n<ul>\n<li>Kasachstan<\/li>\n<li>Libanon<\/li>\n<li>Libyen<\/li>\n<li>Marokko<\/li>\n<li>Pal\u00e4stinensische Gebiete<\/li>\n<li>St. Pierre und Miquelon (Frankreich)<\/li>\n<li>Syrien<\/li>\n<li>Tunesien<\/li>\n<\/ul>\n<\/td>\n<\/tr>\n<\/tbody>\n<\/table>\n[\/vc_column_text][\/vc_column_inner][vc_column_inner column_padding=&#8221;no-extra-padding&#8221; column_padding_tablet=&#8221;inherit&#8221; column_padding_phone=&#8221;inherit&#8221; column_padding_position=&#8221;all&#8221; column_element_spacing=&#8221;default&#8221; background_color_opacity=&#8221;1&#8243; background_hover_color_opacity=&#8221;1&#8243; column_shadow=&#8221;none&#8221; column_border_radius=&#8221;none&#8221; column_link_target=&#8221;_self&#8221; gradient_direction=&#8221;left_to_right&#8221; overlay_strength=&#8221;0.3&#8243; width=&#8221;1\/3&#8243; tablet_width_inherit=&#8221;default&#8221; animation_type=&#8221;default&#8221; bg_image_animation=&#8221;none&#8221; border_type=&#8221;simple&#8221; column_border_width=&#8221;none&#8221; column_border_style=&#8221;solid&#8221;][vc_column_text]\n<h3><strong>Zone (7)<\/strong><\/h3>\n<p><b>China<\/b><\/p>\n<ul>\n<li>China<\/li>\n<\/ul>\n[\/vc_column_text][\/vc_column_inner][vc_column_inner column_padding=&#8221;no-extra-padding&#8221; column_padding_tablet=&#8221;inherit&#8221; column_padding_phone=&#8221;inherit&#8221; column_padding_position=&#8221;all&#8221; column_element_spacing=&#8221;default&#8221; background_color_opacity=&#8221;1&#8243; background_hover_color_opacity=&#8221;1&#8243; column_shadow=&#8221;none&#8221; column_border_radius=&#8221;none&#8221; column_link_target=&#8221;_self&#8221; gradient_direction=&#8221;left_to_right&#8221; overlay_strength=&#8221;0.3&#8243; width=&#8221;1\/3&#8243; tablet_width_inherit=&#8221;default&#8221; animation_type=&#8221;default&#8221; bg_image_animation=&#8221;none&#8221; border_type=&#8221;simple&#8221; column_border_width=&#8221;none&#8221; column_border_style=&#8221;solid&#8221;][vc_column_text]\n<h3><strong>Zone (8)<\/strong><\/h3>\n<p><b>Restliche Welt<\/b><\/p>\n<ul>\n<li>Alle L\u00e4nder und Gebiete, die nicht den Zonen 1 bis 7 und nicht Deutschland zugeordnet sind.<\/li>\n<\/ul>\n[\/vc_column_text][\/vc_column_inner][\/vc_row_inner][\/vc_column][\/vc_row]\n","protected":false},"excerpt":{"rendered":"<p>[vc_row type=&#8221;in_container&#8221; full_screen_row_position=&#8221;middle&#8221; column_margin=&#8221;default&#8221; column_direction=&#8221;default&#8221; column_direction_tablet=&#8221;default&#8221; column_direction_phone=&#8221;default&#8221; scene_position=&#8221;center&#8221; text_color=&#8221;dark&#8221; text_align=&#8221;left&#8221; row_border_radius=&#8221;none&#8221; row_border_radius_applies=&#8221;bg&#8221; overflow=&#8221;visible&#8221; overlay_strength=&#8221;0.3&#8243; gradient_direction=&#8221;left_to_right&#8221; shape_divider_position=&#8221;bottom&#8221; bg_image_animation=&#8221;none&#8221;][vc_column column_padding=&#8221;no-extra-padding&#8221; column_padding_tablet=&#8221;inherit&#8221; column_padding_phone=&#8221;inherit&#8221; column_padding_position=&#8221;all&#8221; column_element_spacing=&#8221;default&#8221; background_color_opacity=&#8221;1&#8243; background_hover_color_opacity=&#8221;1&#8243; column_shadow=&#8221;none&#8221; column_border_radius=&#8221;none&#8221; column_link_target=&#8221;_self&#8221; column_position=&#8221;default&#8221; gradient_direction=&#8221;left_to_right&#8221; overlay_strength=&#8221;0.3&#8243;&#8230;<\/p>\n","protected":false},"author":1,"featured_media":0,"parent":0,"menu_order":0,"comment_status":"closed","ping_status":"closed","template":"","meta":{"footnotes":""},"class_list":["post-1671","page","type-page","status-publish"],"_links":{"self":[{"href":"https:\/\/www.meenzdog.de\/index.php\/wp-json\/wp\/v2\/pages\/1671","targetHints":{"allow":["GET"]}}],"collection":[{"href":"https:\/\/www.meenzdog.de\/index.php\/wp-json\/wp\/v2\/pages"}],"about":[{"href":"https:\/\/www.meenzdog.de\/index.php\/wp-json\/wp\/v2\/types\/page"}],"author":[{"embeddable":true,"href":"https:\/\/www.meenzdog.de\/index.php\/wp-json\/wp\/v2\/users\/1"}],"replies":[{"embeddable":true,"href":"https:\/\/www.meenzdog.de\/index.php\/wp-json\/wp\/v2\/comments?post=1671"}],"version-history":[{"count":13,"href":"https:\/\/www.meenzdog.de\/index.php\/wp-json\/wp\/v2\/pages\/1671\/revisions"}],"predecessor-version":[{"id":2048,"href":"https:\/\/www.meenzdog.de\/index.php\/wp-json\/wp\/v2\/pages\/1671\/revisions\/2048"}],"wp:attachment":[{"href":"https:\/\/www.meenzdog.de\/index.php\/wp-json\/wp\/v2\/media?parent=1671"}],"curies":[{"name":"wp","href":"https:\/\/api.w.org\/{rel}","templated":true}]}}